{"id":102195,"date":"2023-06-28T14:51:51","date_gmt":"2023-06-28T11:51:51","guid":{"rendered":"https:\/\/tor-corporation.com\/?page_id=102195"},"modified":"2023-06-28T14:51:52","modified_gmt":"2023-06-28T11:51:52","slug":"polzovatelskoe-soglashenie","status":"publish","type":"page","link":"https:\/\/tor-corporation.com\/pl\/porozumienie-polzowatelskie\/","title":{"rendered":"Warunki korzystania"},"content":{"rendered":"<p>Niniejsza Umowa u\u017cytkownika (zwana dalej Umow\u0105) reguluje relacje mi\u0119dzy w\u0142a\u015bcicielem https:\/\/tor-corporation.com (dalej zwanym Tor-corporation lub Administracj\u0105) z jednej strony a u\u017cytkownikiem witryny z drugiej strony.<br>Witryna Tor-corporation nie jest \u015brodkiem masowego przekazu.<\/p>\n\n\n\n<p>Korzystaj\u0105c ze strony, zgadzasz si\u0119 na warunki tej umowy.<br><strong>Je\u015bli nie zgadzasz si\u0119 z warunkami tej umowy, nie korzystaj z witryny tor-corporation!<\/strong><\/p>\n\n\n\n<h3 class=\"wp-block-heading\" id=\"h-\u043f\u0440\u0430\u0432\u0430-\u0438-\u043e\u0431\u044f\u0437\u0430\u043d\u043d\u043e\u0441\u0442\u0438-\u0441\u0442\u043e\u0440\u043e\u043d\">Prawa i obowi\u0105zki stron<\/h3>\n\n\n\n<p><strong>U\u017cytkownik ma prawo:<\/strong><br>- wyszuka\u0107 informacje na stronie<br>- otrzymywa\u0107 informacje na stronie<br>- kopiowania informacji na inne strony ze wskazaniem \u017ar\u00f3d\u0142a<br>- wykorzystywa\u0107 informacje o witrynie do osobistych, niekomercyjnych cel\u00f3w<\/p>\n\n\n\n<p><strong>Administracja ma prawo:<\/strong><br>- wed\u0142ug w\u0142asnego uznania i konieczno\u015bci tworzenia, zmiany, anulowania regulaminu<br>- ograniczy\u0107 dost\u0119p do jakichkolwiek informacji na stronie<br>- tworzy\u0107, modyfikowa\u0107, usuwa\u0107 informacje<br>- usuwa\u0107 konta<br>- odm\u00f3wi\u0107 rejestracji bez wyja\u015bnienia<\/p>\n\n\n\n<p><strong>U\u017cytkownik zobowi\u0105zuje si\u0119:<\/strong><br>- nie zak\u0142\u00f3ca\u0107 funkcjonalno\u015bci serwisu<br>\u2013 nie tworzy\u0107 wielu kont w Serwisie, je\u015bli w rzeczywisto\u015bci nale\u017c\u0105 one do tej samej osoby<br>\u2014 niepodejmowania dzia\u0142a\u0144 maj\u0105cych na celu wprowadzenie w b\u0142\u0105d innych U\u017cytkownik\u00f3w<br>\u2014 nie zamieszcza\u0107 materia\u0142\u00f3w o charakterze reklamowym, erotycznym, pornograficznym lub obra\u017aliwym, a tak\u017ce innych informacji, kt\u00f3rych umieszczanie jest zabronione lub sprzeczne z normami obowi\u0105zuj\u0105cego ustawodawstwa Federacji Rosyjskiej<br>- nie u\u017cywa\u0107 skrypt\u00f3w (program\u00f3w) do automatycznego zbierania informacji i\/lub interakcji z Witryn\u0105 i jej Us\u0142ugami<\/p>\n\n\n\n<p><strong>Administracja zobowi\u0105zuje si\u0119:<\/strong><br>- w celu utrzymania wydajno\u015bci witryny, z wyj\u0105tkiem sytuacji, gdy jest to niemo\u017cliwe z przyczyn niezale\u017cnych od Administracji.<\/p>\n\n\n\n<h3 class=\"wp-block-heading\" id=\"h-\u043e\u0442\u0432\u0435\u0442\u0441\u0442\u0432\u0435\u043d\u043d\u043e\u0441\u0442\u044c-\u0441\u0442\u043e\u0440\u043e\u043d\">Odpowiedzialno\u015b\u0107 stron<\/h3>\n\n\n\n<p>\u2014 u\u017cytkownik ponosi osobist\u0105 odpowiedzialno\u015b\u0107 za rozpowszechniane przez siebie informacje<br>- administracja nie ponosi \u017cadnej odpowiedzialno\u015bci za prawdziwo\u015b\u0107 informacji skopiowanych z innych \u017ar\u00f3de\u0142<br>\u2013 administracja nie ponosi odpowiedzialno\u015bci za rozbie\u017cno\u015bci pomi\u0119dzy us\u0142ugami oczekiwanymi przez U\u017cytkownika, a us\u0142ugami faktycznie otrzymanymi<br>\u2013 administracja nie ponosi \u017cadnej odpowiedzialno\u015bci za us\u0142ugi \u015bwiadczone przez osoby trzecie<br>\u2014 w przypadku wyst\u0105pienia si\u0142y wy\u017cszej (operacje wojskowe, stan wyj\u0105tkowy, kl\u0119ska \u017cywio\u0142owa itp.) Administracja nie gwarantuje bezpiecze\u0144stwa informacji zamieszczanych przez U\u017cytkownika, jak r\u00f3wnie\u017c nieprzerwanego dzia\u0142ania zasobu informacyjnego<\/p>\n\n\n\n<h3 class=\"wp-block-heading\" id=\"h-\u0443\u0441\u043b\u043e\u0432\u0438\u044f-\u0434\u0435\u0439\u0441\u0442\u0432\u0438\u044f-\u0441\u043e\u0433\u043b\u0430\u0448\u0435\u043d\u0438\u044f\">Warunki Umowy<\/h3>\n\n\n\n<p>Niniejsza Umowa wchodzi w \u017cycie z ka\u017cdym u\u017cyciem tej witryny.<br>Umowa traci wa\u017cno\u015b\u0107 z chwil\u0105 ukazania si\u0119 jej nowej wersji.<br>Administracja zastrzega sobie prawo do jednostronnej zmiany niniejszej umowy wed\u0142ug w\u0142asnego uznania.<br>Administracja nie informuje u\u017cytkownik\u00f3w o zmianach w Umowie.<\/p>","protected":false},"excerpt":{"rendered":"<p>\u041d\u0430\u0441\u0442\u043e\u044f\u0449\u0435\u0435 \u041f\u043e\u043b\u044c\u0437\u043e\u0432\u0430\u0442\u0435\u043b\u044c\u0441\u043a\u043e\u0435 \u0421\u043e\u0433\u043b\u0430\u0448\u0435\u043d\u0438\u0435 (\u0414\u0430\u043b\u0435\u0435 \u0421\u043e\u0433\u043b\u0430\u0448\u0435\u043d\u0438\u0435) \u0440\u0435\u0433\u0443\u043b\u0438\u0440\u0443\u0435\u0442 \u043e\u0442\u043d\u043e\u0448\u0435\u043d\u0438\u044f \u043c\u0435\u0436\u0434\u0443 \u0432\u043b\u0430\u0434\u0435\u043b\u044c\u0446\u0435\u043c https:\/\/tor-corporation.com (\u0434\u0430\u043b\u0435\u0435 tor-corporation [&hellip;]<\/p>\n","protected":false},"author":1,"featured_media":0,"parent":0,"menu_order":0,"comment_status":"closed","ping_status":"closed","template":"","meta":{"site-sidebar-layout":"default","site-content-layout":"","ast-site-content-layout":"default","site-content-style":"default","site-sidebar-style":"default","ast-global-header-display":"","ast-banner-title-visibility":"","ast-main-header-display":"","ast-hfb-above-header-display":"","ast-hfb-below-header-display":"","ast-hfb-mobile-header-display":"","site-post-title":"","ast-breadcrumbs-content":"","ast-featured-img":"","footer-sml-layout":"","ast-disable-related-posts":"","theme-transparent-header-meta":"","adv-header-id-meta":"","stick-header-meta":"","header-above-stick-meta":"","header-main-stick-meta":"","header-below-stick-meta":"","astra-migrate-meta-layouts":"default","ast-page-background-enabled":"default","ast-page-background-meta":{"desktop":{"background-color":"var(--ast-global-color-4)","background-image":"","background-repeat":"repeat","background-position":"center center","background-size":"auto","background-attachment":"scroll","background-type":"","background-media":"","overlay-type":"","overlay-color":"","overlay-opacity":"","overlay-gradient":""},"tablet":{"background-color":"","background-image":"","background-repeat":"repeat","background-position":"center center","background-size":"auto","background-attachment":"scroll","background-type":"","background-media":"","overlay-type":"","overlay-color":"","overlay-opacity":"","overlay-gradient":""},"mobile":{"background-color":"","background-image":"","background-repeat":"repeat","background-position":"center center","background-size":"auto","background-attachment":"scroll","background-type":"","background-media":"","overlay-type":"","overlay-color":"","overlay-opacity":"","overlay-gradient":""}},"ast-content-background-meta":{"desktop":{"background-color":"var(--ast-global-color-5)","background-image":"","background-repeat":"repeat","background-position":"center center","background-size":"auto","background-attachment":"scroll","background-type":"","background-media":"","overlay-type":"","overlay-color":"","overlay-opacity":"","overlay-gradient":""},"tablet":{"background-color":"var(--ast-global-color-5)","background-image":"","background-repeat":"repeat","background-position":"center center","background-size":"auto","background-attachment":"scroll","background-type":"","background-media":"","overlay-type":"","overlay-color":"","overlay-opacity":"","overlay-gradient":""},"mobile":{"background-color":"var(--ast-global-color-5)","background-image":"","background-repeat":"repeat","background-position":"center center","background-size":"auto","background-attachment":"scroll","background-type":"","background-media":"","overlay-type":"","overlay-color":"","overlay-opacity":"","overlay-gradient":""}},"footnotes":""},"class_list":["post-102195","page","type-page","status-publish","hentry"],"amp_enabled":true,"_links":{"self":[{"href":"https:\/\/tor-corporation.com\/pl\/wp-json\/wp\/v2\/pages\/102195","targetHints":{"allow":["GET"]}}],"collection":[{"href":"https:\/\/tor-corporation.com\/pl\/wp-json\/wp\/v2\/pages"}],"about":[{"href":"https:\/\/tor-corporation.com\/pl\/wp-json\/wp\/v2\/types\/page"}],"author":[{"embeddable":true,"href":"https:\/\/tor-corporation.com\/pl\/wp-json\/wp\/v2\/users\/1"}],"replies":[{"embeddable":true,"href":"https:\/\/tor-corporation.com\/pl\/wp-json\/wp\/v2\/comments?post=102195"}],"version-history":[{"count":1,"href":"https:\/\/tor-corporation.com\/pl\/wp-json\/wp\/v2\/pages\/102195\/revisions"}],"predecessor-version":[{"id":102196,"href":"https:\/\/tor-corporation.com\/pl\/wp-json\/wp\/v2\/pages\/102195\/revisions\/102196"}],"wp:attachment":[{"href":"https:\/\/tor-corporation.com\/pl\/wp-json\/wp\/v2\/media?parent=102195"}],"curies":[{"name":"wp","href":"https:\/\/api.w.org\/{rel}","templated":true}]}}